{"id":1818,"date":"2018-08-02T13:20:07","date_gmt":"2018-08-02T13:20:07","guid":{"rendered":"http:\/\/foto-sandmann-henkel.de\/engl\/?page_id=1818"},"modified":"2026-02-02T11:06:59","modified_gmt":"2026-02-02T11:06:59","slug":"ausstellungen","status":"publish","type":"page","link":"https:\/\/foto-sandmann-henkel.de\/engl\/ausstellungen\/","title":{"rendered":"Ausstellungen"},"content":{"rendered":"<p>[et_pb_section fb_built=&#8220;1&#8243; admin_label=&#8220;section&#8220; _builder_version=&#8220;4.16&#8243; custom_padding=&#8220;50px|0px|54px|0px|false|false&#8220; global_colors_info=&#8220;{}&#8220;][et_pb_row column_structure=&#8220;1_3,2_3&#8243; admin_label=&#8220;Row&#8220; _builder_version=&#8220;4.16&#8243; background_size=&#8220;initial&#8220; background_position=&#8220;top_left&#8220; background_repeat=&#8220;repeat&#8220; global_colors_info=&#8220;{}&#8220;][et_pb_column type=&#8220;1_3&#8243; _builder_version=&#8220;4.16&#8243; custom_padding=&#8220;|||&#8220; global_colors_info=&#8220;{}&#8220; custom_padding__hover=&#8220;|||&#8220;][et_pb_text _builder_version=&#8220;4.16&#8243; global_colors_info=&#8220;{}&#8220;]<\/p>\n<h1>Exhibitions<\/h1>\n<p>[\/et_pb_text][\/et_pb_column][et_pb_column type=&#8220;2_3&#8243; _builder_version=&#8220;4.16&#8243; custom_padding=&#8220;|||&#8220; global_colors_info=&#8220;{}&#8220; custom_padding__hover=&#8220;|||&#8220;][et_pb_text _builder_version=&#8220;4.24.2&#8243; background_color=&#8220;#f1f1f1&#8243; background_size=&#8220;initial&#8220; background_position=&#8220;top_left&#8220; background_repeat=&#8220;repeat&#8220; custom_padding=&#8220;25px|25px|25px|25px&#8220; hover_enabled=&#8220;0&#8243; use_border_color=&#8220;off&#8220; border_color=&#8220;#ffffff&#8220; border_style=&#8220;solid&#8220; global_colors_info=&#8220;{}&#8220; sticky_enabled=&#8220;0&#8243;]<\/p>\n<h2>2025<\/h2>\n<p class=\"p1\">[\/et_pb_text][et_pb_text _builder_version=&#8220;4.16&#8243; background_enable_color=&#8220;off&#8220; background_size=&#8220;initial&#8220; background_position=&#8220;top_left&#8220; background_repeat=&#8220;repeat&#8220; custom_padding=&#8220;25px|25px|25px|25px&#8220; use_border_color=&#8220;off&#8220; border_color=&#8220;#ffffff&#8220; border_style=&#8220;solid&#8220; global_colors_info=&#8220;{}&#8220;]<\/p>\n<h2><\/h2>\n<h2>2024<\/h2>\n<p>ARTe Osnabr\u00fcck 2024, 22.-24. M\u00e4rz 2024, Osnabr\u00fcckHalle, Osnabr\u00fcck<\/p>\n<p>ARTMUC M\u00fcnchen 2024, 12.-14. April 2024, MTC world of fashion, M\u00fcnchen<\/p>\n<p>DISCOVERY ART FAIR 2024 K\u00f6ln, 25.-28. April 2024, XPost, K\u00f6ln<\/p>\n<p>POWERFUL, 21.-30. Juni 2024, Pop-up-Raum Grindel, Hamburg<\/p>\n<p>Mitgliederausstellung Verein f\u00fcr aktuelle Kunst, 23.Juni \u2013 September 2024, MULTI-BOX, Kirchlengern<\/p>\n<p>ARTe Wiesbaden 2024, 13.-15. Sept. 2024, RheinMain CongressCenter, Wiesbaden<\/p>\n<p>DISCOVERY ART FAIR 2024 Frankfurt, 31. Okt. \u2013 03. Nov. 2024, Messe Frankfurt \u2013 Halle 1.2, Frankfurt<\/p>\n<p>[\/et_pb_text][et_pb_text _builder_version=&#8220;4.23.1&#8243; background_color=&#8220;#f1f1f1&#8243; background_size=&#8220;initial&#8220; background_position=&#8220;top_left&#8220; background_repeat=&#8220;repeat&#8220; custom_padding=&#8220;25px|25px|25px|25px&#8220; use_border_color=&#8220;off&#8220; border_color=&#8220;#ffffff&#8220; border_style=&#8220;solid&#8220; global_colors_info=&#8220;{}&#8220;]<\/p>\n<h2>2023<\/h2>\n<p>ARTe FUSION Stuttgart 2023, 14.-16. April 2023,\u00a0<em>Messe Stuttgart<br \/>\n<\/em><\/p>\n<p>DISCOVERY ART FAIR K\u00f6ln 2023, 20.-23.April 2023, XPOST K\u00f6ln<\/p>\n<p>GEDOK Niedersachsen, ANALOG \u2013 Nahaufnahme, 14.Mai \u2013 02.Juli 2023, Hannover<\/p>\n<p>ARTe Wiesbaden 2023, 08.Sept.-10.Sept.2023, RheinMain Congress Center, Wiesbaden<\/p>\n<p>GEDOK Niedersachsen, ANALOG \u2013 Wandlung, 17.Sept. \u2013 29.Okt. 2023, Hannover<\/p>\n<p>INCorporaiting art fair Hamburg 2023, 22.Sept. \u2013 24.Sept. 2023, Museum der Arbeit, Hamburg<\/p>\n<p>DISCOVERY ART FAIR Frankfurt 2023, 02.Nov. \u2013 05.Nov. 2023, Messe Frankfurt<\/p>\n<p>\u201eKontrast\u201c Art goes Public, 01.Dez. + 02.Dez. 2023, Fabrik der K\u00fcnste, Hamburg<\/p>\n<p class=\"p1\">[\/et_pb_text][et_pb_text _builder_version=&#8220;4.16&#8243; background_enable_color=&#8220;off&#8220; background_size=&#8220;initial&#8220; background_position=&#8220;top_left&#8220; background_repeat=&#8220;repeat&#8220; custom_padding=&#8220;25px|25px|25px|25px&#8220; use_border_color=&#8220;off&#8220; border_color=&#8220;#ffffff&#8220; border_style=&#8220;solid&#8220; global_colors_info=&#8220;{}&#8220;]<\/p>\n<h2><\/h2>\n<h2>2022<\/h2>\n<p>&#8222;Begegnung&#8220; art goes public, 25.03.-25.03.2022, Fabrik der K\u00fcnste <em>Hamburg<\/em><\/p>\n<p>ARTEXPO NEW YORK , LDXArtodrome Gallery, 07.04.-10.04.2022 <em>New York USA<\/em><\/p>\n<p>INCorporating art fair Hamburg, 05.05.-08.05.2022 <em>Hamburg<\/em><\/p>\n<p>[\/et_pb_text][et_pb_text _builder_version=&#8220;4.16&#8243; background_color=&#8220;#f1f1f1&#8243; background_size=&#8220;initial&#8220; background_position=&#8220;top_left&#8220; background_repeat=&#8220;repeat&#8220; custom_padding=&#8220;25px|25px|25px|25px&#8220; use_border_color=&#8220;off&#8220; border_color=&#8220;#ffffff&#8220; border_style=&#8220;solid&#8220; global_colors_info=&#8220;{}&#8220;]<\/p>\n<h2>2021<\/h2>\n<p>&#8222;NEUE ZEICHEN&#8220; , LDXArtodrome Gallery <em>Berlin<\/em><\/p>\n<p>ARTEXPO NEW YORK 2021, Pier 36<\/p>\n<p>DISCOVERY ART FAIR FRANKFURT 2021 , <em>Frankfurt <\/em><\/p>\n<p>[\/et_pb_text][et_pb_text _builder_version=&#8220;4.16&#8243; background_enable_color=&#8220;off&#8220; background_size=&#8220;initial&#8220; background_position=&#8220;top_left&#8220; background_repeat=&#8220;repeat&#8220; custom_padding=&#8220;25px|25px|25px|25px&#8220; use_border_color=&#8220;off&#8220; border_color=&#8220;#ffffff&#8220; border_style=&#8220;solid&#8220; global_colors_info=&#8220;{}&#8220;]<\/p>\n<h2>2020<\/h2>\n<p>Artexpo New York, Pier 94 ( wegen Corona 2021 )\u00a0 \u00a0 \u00a0 <em>New York ,USA<\/em><\/p>\n<p>&#8222;In Love with Art&#8220; \u00a0 \u00a0<em> Perugia Sala Cannoniera, Rocca Paolina Italie<\/em>n<\/p>\n<p>Offene Ateliers 2020\u00a0 \u00a0 \u00a0 <em>Schwarzer Weg 8, Minden<\/em><\/p>\n<p>&#8222;VerR\u00fcckt&#8220; Projektgalerie\u00a0 \u00a0 \u00a0 <em>Alte Druckerei, Rinteln<\/em><\/p>\n<p>Kunstjubil\u00e4um &#8211; 15 Jahre LDXArtodrome Gallery <em> Malta<\/em><\/p>\n<p>[\/et_pb_text][et_pb_text _builder_version=&#8220;4.16&#8243; background_color=&#8220;#f1f1f1&#8243; background_size=&#8220;initial&#8220; background_position=&#8220;top_left&#8220; background_repeat=&#8220;repeat&#8220; custom_padding=&#8220;25px|25px|25px|25px&#8220; use_border_color=&#8220;off&#8220; border_color=&#8220;#ffffff&#8220; border_style=&#8220;solid&#8220; global_colors_info=&#8220;{}&#8220;]<\/p>\n<h2>2019<\/h2>\n<p class=\"p1\">\u201eLost Places\u201c\u00a0<span class=\"Apple-converted-space\">\u00a0\u00a0<\/span>Projektgalerie Alte Druckerei<span class=\"Apple-converted-space\">\u00a0 \u00a0 \u00a0\u00a0<\/span><em>Rinteln<\/em><\/p>\n<p class=\"p1\"><span class=\"Apple-converted-space\">HanseArt Kunstmesse \u00a0 \u00a0 \u00a0\u00a0<em>L\u00fcbeck<\/em><br \/>\n<\/span><\/p>\n<p>Kreativ Festival \u2013 Cruise Center Altona \u00a0 \u00a0 \u00a0 \u00a0<em>Hamburg<\/em><\/p>\n<p class=\"p1\">Europ\u00e4ischer Architekturfotografie-Preis 2019 Anerkennung\u00a0 Deutsches Architektur Museum\u00a0<span class=\"Apple-converted-space\">\u00a0 \u00a0 \u00a0 \u00a0<\/span><em>Frankfurt<\/em><\/p>\n<p>\u201eDancing City\u201c \u00a0 \u00a0 \u00a0Nissis Kunstkantine \u00a0Hafencity Hamburg \u00a0 \u00a0 \u00a0 \u00a0<em>Hamburg<\/em><\/p>\n<p>Hamburg zeigt Kunst \u2013 \u00dcberseeboulevard \u00a0 \u00a0 \u00a0 \u00a0 \u00a0<em>Hamburg<\/em><\/p>\n<p>Europ\u00e4ischer Architekturfotografie-Preis 2019 \u00a0 \u00a0 \u00a0KAZimKUBA \u00a0 \u00a0 \u00a0 \u00a0 \u00a0<em>\u00a0Kassel<\/em><\/p>\n<p>Jahresausstellung der LDXArtodrome Gallery \u00a0 \u00a0 \u00a0 \u00a0 \u00a0<em>Malta<\/em><\/p>\n<p>\u201eThe Illusion of Reality\u201c \u00a0Galleria De Marchi \u00a0 \u00a0 \u00a0 \u00a0 \u00a0\u00a0<em>Bologna \u00a0 Italien<\/em><\/p>\n<p>Weihnachtsausstellung der LDXArtodrome Gallery \u00a0 \u00a0 \u00a0 \u00a0\u00a0<em>\u00a0\u00a0Berlin<\/em><\/p>\n<p>Reddot Miami ArtFair \u00a0 \u00a0 \u00a0 \u00a0 \u00a0\u00a0<em>Miami \u00a0 \u00a0 USA<\/em><\/p>\n<p>Europ\u00e4ischer Architekturfotografie-Preis 2019 \u00a0 \u00a0 VHS Photogalerie Stuttgart \u00a0 \u00a0 \u00a0 \u00a0\u00a0<em>Stuttgart<\/em><\/p>\n<p>Hamburg zeigt Kunst \u00a0 \u00a0Cruise Center Altona \u00a0 \u00a0 \u00a0 \u00a0 \u00a0 \u00a0 \u00a0\u00a0<em>\u00a0Hamburg<\/em><\/p>\n<p>[\/et_pb_text][et_pb_text _builder_version=&#8220;4.16&#8243; background_size=&#8220;initial&#8220; background_position=&#8220;top_left&#8220; background_repeat=&#8220;repeat&#8220; custom_padding=&#8220;25px|25px|25px|25px&#8220; use_border_color=&#8220;off&#8220; border_color=&#8220;#ffffff&#8220; border_style=&#8220;solid&#8220; global_colors_info=&#8220;{}&#8220;]<\/p>\n<h2>2018<\/h2>\n<p>\u201eZeit\u201c \u00a0Fabrik der K\u00fcnste \u00a0 \u00a0<em>Hamburg<\/em><br \/>\nOffene Ateliers \u00a0 \u00a0<em>Minden<\/em><\/p>\n<p>&nbsp;<\/p>\n<p>[\/et_pb_text][et_pb_text _builder_version=&#8220;4.16&#8243; background_color=&#8220;#f1f1f1&#8243; background_size=&#8220;initial&#8220; background_position=&#8220;top_left&#8220; background_repeat=&#8220;repeat&#8220; custom_padding=&#8220;25px|25px|25px|25px&#8220; use_border_color=&#8220;off&#8220; border_color=&#8220;#ffffff&#8220; border_style=&#8220;solid&#8220; global_colors_info=&#8220;{}&#8220;]<\/p>\n<h2>2017<\/h2>\n<p>Wintersalon \u00a0\u00a0<em>Paderborn<\/em><br \/>\n&#8222;KUNST-SZENE-ATELIER&#8220; \u00a0\u00a0<em>Mindener Museum<\/em><\/p>\n<p>&nbsp;<\/p>\n<p>[\/et_pb_text][et_pb_text _builder_version=&#8220;4.16&#8243; background_size=&#8220;initial&#8220; background_position=&#8220;top_left&#8220; background_repeat=&#8220;repeat&#8220; custom_padding=&#8220;25px|25px|25px|25px&#8220; use_border_color=&#8220;off&#8220; border_color=&#8220;#ffffff&#8220; border_style=&#8220;solid&#8220; global_colors_info=&#8220;{}&#8220;]<\/p>\n<h2>2016<\/h2>\n<p>&#8222;Lost Places&#8220; \u00a0 Rathaus \u00a0\u00a0<em>Petershagen<\/em><br \/>\nOffene Ateliers \u00a0 \u00a0<em>Minden<\/em><\/p>\n<p>&nbsp;<\/p>\n<p>[\/et_pb_text][et_pb_text _builder_version=&#8220;4.16&#8243; background_color=&#8220;#f1f1f1&#8243; background_size=&#8220;initial&#8220; background_position=&#8220;top_left&#8220; background_repeat=&#8220;repeat&#8220; custom_padding=&#8220;25px|25px|25px|25px&#8220; use_border_color=&#8220;off&#8220; border_color=&#8220;#ffffff&#8220; border_style=&#8220;solid&#8220; global_colors_info=&#8220;{}&#8220;]<\/p>\n<h2>2015<\/h2>\n<p>Lange Nacht der Kultur \u00a0 \u00a0<em>Minden<\/em><br \/>\n&#8222;Verlorene Orte&#8220; \u00a0Rathaus \u00a0 \u00a0<em>Porta Westfalica<\/em><\/p>\n<p>&nbsp;<\/p>\n<p>[\/et_pb_text][et_pb_text _builder_version=&#8220;4.16&#8243; background_size=&#8220;initial&#8220; background_position=&#8220;top_left&#8220; background_repeat=&#8220;repeat&#8220; custom_padding=&#8220;25px|25px|25px|25px&#8220; use_border_color=&#8220;off&#8220; border_color=&#8220;#ffffff&#8220; border_style=&#8220;solid&#8220; global_colors_info=&#8220;{}&#8220;]<\/p>\n<h2>2014<\/h2>\n<p>Offene Ateliers \u00a0 \u00a0<em>Minden<\/em><\/p>\n<p>&nbsp;<\/p>\n<p>[\/et_pb_text][et_pb_text _builder_version=&#8220;4.16&#8243; background_color=&#8220;#f1f1f1&#8243; background_size=&#8220;initial&#8220; background_position=&#8220;top_left&#8220; background_repeat=&#8220;repeat&#8220; custom_padding=&#8220;25px|25px|25px|25px&#8220; use_border_color=&#8220;off&#8220; border_color=&#8220;#ffffff&#8220; border_style=&#8220;solid&#8220; global_colors_info=&#8220;{}&#8220;]<\/p>\n<h2>2010<\/h2>\n<p>&#8222;Engel in der Stadt&#8220; \u00a0 \u00a0<em>Bad Oeynhausen<\/em><\/p>\n<p>&nbsp;<\/p>\n<p>[\/et_pb_text][et_pb_text _builder_version=&#8220;4.16&#8243; background_size=&#8220;initial&#8220; background_position=&#8220;top_left&#8220; background_repeat=&#8220;repeat&#8220; custom_padding=&#8220;25px|25px|25px|25px&#8220; use_border_color=&#8220;off&#8220; border_color=&#8220;#ffffff&#8220; border_style=&#8220;solid&#8220; global_colors_info=&#8220;{}&#8220;]<\/p>\n<p>&nbsp;<\/p>\n<h2>2009<\/h2>\n<p>Rathaus \u00a0 \u00a0<em>Porta Westfalica<\/em><\/p>\n<p>&nbsp;<\/p>\n<p>[\/et_pb_text][et_pb_text _builder_version=&#8220;4.16&#8243; background_color=&#8220;#f1f1f1&#8243; background_size=&#8220;initial&#8220; background_position=&#8220;top_left&#8220; background_repeat=&#8220;repeat&#8220; custom_padding=&#8220;25px|25px|25px|25px&#8220; use_border_color=&#8220;off&#8220; border_color=&#8220;#ffffff&#8220; border_style=&#8220;solid&#8220; global_colors_info=&#8220;{}&#8220;]<\/p>\n<p><span style=\"color: #333333; font-size: 24px; font-weight: bold; text-transform: uppercase;\">2008<br \/>\n<\/span><span style=\"font-size: 14px;\">&#8222;Urban Jungle&#8220; \u00a0 Cityhall \u00a0 \u00a0<\/span><em style=\"font-size: 14px;\">London<br \/>\n<\/em>&#8222;Schattenf\u00e4nger&#8220; \u00a0 \u00a0<em>Mindener Museum<\/em><\/p>\n<p>&nbsp;<\/p>\n<p>[\/et_pb_text][et_pb_text _builder_version=&#8220;4.16&#8243; background_size=&#8220;initial&#8220; background_position=&#8220;top_left&#8220; background_repeat=&#8220;repeat&#8220; custom_padding=&#8220;25px|25px|25px|25px&#8220; use_border_color=&#8220;off&#8220; border_color=&#8220;#ffffff&#8220; border_style=&#8220;solid&#8220; global_colors_info=&#8220;{}&#8220;]<\/p>\n<p><span style=\"color: #333333; font-size: 24px; font-weight: bold; text-transform: uppercase;\">2007<br \/>\n<\/span><span style=\"font-size: 14px;\">&#8222;Von allen guten Geistern verlassen&#8220;<br \/>\n<\/span> Heiligen Geistkirche \u00a0 \u00a0<em>Bad Oeynhausen<\/em><\/p>\n<p>&nbsp;<\/p>\n<p>[\/et_pb_text][et_pb_text _builder_version=&#8220;4.16&#8243; background_color=&#8220;#f1f1f1&#8243; background_size=&#8220;initial&#8220; background_position=&#8220;top_left&#8220; background_repeat=&#8220;repeat&#8220; custom_padding=&#8220;25px|25px|25px|25px&#8220; use_border_color=&#8220;off&#8220; border_color=&#8220;#ffffff&#8220; border_style=&#8220;solid&#8220; global_colors_info=&#8220;{}&#8220;]<\/p>\n<p><span style=\"color: #333333; font-size: 24px; font-weight: bold; text-transform: uppercase;\">2006<br \/>\n<\/span><span style=\"font-size: 14px;\">&#8222;Inspiration Erde&#8220; \u00a0 Martinius \u00a0 \u00a0<\/span><em style=\"font-size: 14px;\">Bad Lippspringe<\/em><\/p>\n<p>&nbsp;<\/p>\n<p>[\/et_pb_text][et_pb_text _builder_version=&#8220;4.16&#8243; background_size=&#8220;initial&#8220; background_position=&#8220;top_left&#8220; background_repeat=&#8220;repeat&#8220; custom_padding=&#8220;25px|25px|25px|25px&#8220; use_border_color=&#8220;off&#8220; border_color=&#8220;#ffffff&#8220; border_style=&#8220;solid&#8220; global_colors_info=&#8220;{}&#8220;]<\/p>\n<p><span style=\"color: #333333; font-size: 24px; font-weight: bold; text-transform: uppercase;\">2005<br \/>\n<\/span><span style=\"font-size: 14px;\">&#8222;Inspiration Erde&#8220; \u00a0 Lille Kunterbunt \u00a0 \u00a0<\/span><em style=\"font-size: 14px;\">Minden<\/em><\/p>\n<p>&nbsp;<\/p>\n<p>[\/et_pb_text][et_pb_text _builder_version=&#8220;4.16&#8243; background_color=&#8220;#f1f1f1&#8243; background_size=&#8220;initial&#8220; background_position=&#8220;top_left&#8220; background_repeat=&#8220;repeat&#8220; custom_padding=&#8220;25px|25px|25px|25px&#8220; use_border_color=&#8220;off&#8220; border_color=&#8220;#ffffff&#8220; border_style=&#8220;solid&#8220; global_colors_info=&#8220;{}&#8220;]<\/p>\n<p><span style=\"color: #333333; font-size: 24px; font-weight: bold; text-transform: uppercase;\">2004<br \/>\n<\/span><span style=\"font-size: 14px;\">Gefis Kunstausstellung \u00a0 Preu\u00dfen Museum \u00a0\u00a0<\/span><em style=\"font-size: 14px;\">Minden<br \/>\n<\/em> Offene Ateliers \u00a0\u00a0<em>Minden<\/em><\/p>\n<p>[\/et_pb_text][\/et_pb_column][\/et_pb_row][\/et_pb_section]<\/p>\n","protected":false},"excerpt":{"rendered":"<p>Exhibitions 2025 2024 ARTe Osnabr\u00fcck 2024, 22.-24. M\u00e4rz 2024, Osnabr\u00fcckHalle, Osnabr\u00fcck ARTMUC M\u00fcnchen 2024, 12.-14. April 2024, MTC world of fashion, M\u00fcnchen DISCOVERY ART FAIR 2024 K\u00f6ln, 25.-28. April 2024, XPost, K\u00f6ln POWERFUL, 21.-30. Juni 2024, Pop-up-Raum Grindel, Hamburg Mitgliederausstellung Verein f\u00fcr aktuelle Kunst, 23.Juni \u2013 September 2024, MULTI-BOX, Kirchlengern ARTe Wiesbaden 2024, 13.-15. Sept. [&hellip;]<\/p>\n","protected":false},"author":1,"featured_media":0,"parent":0,"menu_order":0,"comment_status":"closed","ping_status":"closed","template":"","meta":{"_et_pb_use_builder":"on","_et_pb_old_content":"","_et_gb_content_width":"","footnotes":""},"class_list":["post-1818","page","type-page","status-publish","hentry"],"_links":{"self":[{"href":"https:\/\/foto-sandmann-henkel.de\/engl\/wp-json\/wp\/v2\/pages\/1818","targetHints":{"allow":["GET"]}}],"collection":[{"href":"https:\/\/foto-sandmann-henkel.de\/engl\/wp-json\/wp\/v2\/pages"}],"about":[{"href":"https:\/\/foto-sandmann-henkel.de\/engl\/wp-json\/wp\/v2\/types\/page"}],"author":[{"embeddable":true,"href":"https:\/\/foto-sandmann-henkel.de\/engl\/wp-json\/wp\/v2\/users\/1"}],"replies":[{"embeddable":true,"href":"https:\/\/foto-sandmann-henkel.de\/engl\/wp-json\/wp\/v2\/comments?post=1818"}],"version-history":[{"count":36,"href":"https:\/\/foto-sandmann-henkel.de\/engl\/wp-json\/wp\/v2\/pages\/1818\/revisions"}],"predecessor-version":[{"id":3150,"href":"https:\/\/foto-sandmann-henkel.de\/engl\/wp-json\/wp\/v2\/pages\/1818\/revisions\/3150"}],"wp:attachment":[{"href":"https:\/\/foto-sandmann-henkel.de\/engl\/wp-json\/wp\/v2\/media?parent=1818"}],"curies":[{"name":"wp","href":"https:\/\/api.w.org\/{rel}","templated":true}]}}